{"id":5367,"date":"2019-01-15T10:22:12","date_gmt":"2019-01-15T08:22:12","guid":{"rendered":"http:\/\/scentium.com\/iberchem-group\/"},"modified":"2023-02-10T12:11:33","modified_gmt":"2023-02-10T10:11:33","slug":"iberchem-group","status":"publish","type":"page","link":"https:\/\/scentium.com\/fr\/iberchem-group\/","title":{"rendered":"<h1 style=\"text-align: center; font-size: 50px; display: none;\">Iberchem Group<\/h1>"},"content":{"rendered":"<h2 style=\"text-align: center;\">A PROPOS DE NOUS<\/h2>\n<p class=\"p1\" style=\"text-align: center;\">Fond\u00e9e en 1985 par les professionnels du secteur, Jos\u00e9 Robles, Miguel Rom\u00e1n et Ram\u00f3n Fern\u00e1ndez, Iberchem est une soci\u00e9t\u00e9 leader dans l\u2019industrie des parfums et des ar\u00f4mes, avec 25 bureaux et centres \u00e0 travers le monde et une pr\u00e9sence commerciale dans plus de 120 pays. En 2000, gr\u00e2ce au soutien financier important de fonds d\u2019investissement leader, Iberchem a connu une croissance sans pr\u00e9c\u00e9dent et ce, sans sacrifier les principes et les valeurs sur lesquels elle a \u00e9t\u00e9 fond\u00e9e. En 2017, le fonds d\u2019investissement Eurazeo a aid\u00e9 Iberchem \u00e0 atteindre la derni\u00e8re phase de son plan d\u2019expansion.<\/p>\n<p>&nbsp;<\/p>\n<h2 style=\"text-align: center; color: #0063ba; font-size: 38px;\"><em>Pr\u00e9sence dans plus de <u>120 pays.<\/u><\/em><br \/>\n<em>Plus de <u>200 millions d\u2019EUR<\/u> de revenus.<\/em><\/h2>\n<p>&nbsp;<\/p>\n","protected":false},"excerpt":{"rendered":"<p>A PROPOS DE NOUS Fond\u00e9e en 1985 par les professionnels du secteur, Jos\u00e9 Robles, Miguel Rom\u00e1n et Ram\u00f3n Fern\u00e1ndez, Iberchem est une soci\u00e9t\u00e9 leader dans l\u2019industrie des parfums et des ar\u00f4mes, avec 25 bureaux et centres \u00e0 travers le monde et une pr\u00e9sence commerciale dans plus de 120 pays. En&#8230;<\/p>\n","protected":false},"author":2,"featured_media":5284,"parent":0,"menu_order":0,"comment_status":"closed","ping_status":"closed","template":"","meta":{"_acf_changed":false,"footnotes":""},"class_list":["post-5367","page","type-page","status-publish","has-post-thumbnail","hentry"],"acf":[],"_links":{"self":[{"href":"https:\/\/scentium.com\/fr\/wp-json\/wp\/v2\/pages\/5367","targetHints":{"allow":["GET"]}}],"collection":[{"href":"https:\/\/scentium.com\/fr\/wp-json\/wp\/v2\/pages"}],"about":[{"href":"https:\/\/scentium.com\/fr\/wp-json\/wp\/v2\/types\/page"}],"author":[{"embeddable":true,"href":"https:\/\/scentium.com\/fr\/wp-json\/wp\/v2\/users\/2"}],"replies":[{"embeddable":true,"href":"https:\/\/scentium.com\/fr\/wp-json\/wp\/v2\/comments?post=5367"}],"version-history":[{"count":42,"href":"https:\/\/scentium.com\/fr\/wp-json\/wp\/v2\/pages\/5367\/revisions"}],"predecessor-version":[{"id":28275,"href":"https:\/\/scentium.com\/fr\/wp-json\/wp\/v2\/pages\/5367\/revisions\/28275"}],"wp:featuredmedia":[{"embeddable":true,"href":"https:\/\/scentium.com\/fr\/wp-json\/wp\/v2\/media\/5284"}],"wp:attachment":[{"href":"https:\/\/scentium.com\/fr\/wp-json\/wp\/v2\/media?parent=5367"}],"curies":[{"name":"wp","href":"https:\/\/api.w.org\/{rel}","templated":true}]}}