{"id":4580,"date":"2016-09-24T10:02:39","date_gmt":"2016-09-24T10:02:39","guid":{"rendered":"http:\/\/scentium.com\/home\/"},"modified":"2022-08-31T15:19:43","modified_gmt":"2022-08-31T13:19:43","slug":"home","status":"publish","type":"page","link":"https:\/\/scentium.com\/fr\/","title":{"rendered":"Home"},"content":{"rendered":"<h3 style=\"text-align: center;\">Bien plus qu\u2019un ar\u00f4me<\/h3>\n<p style=\"text-align: center;\">Scentium est une entreprise \u00e0 \u00e9chelle mondiale,<br \/>\navec plus de 35 ans d\u2019exp\u00e9rience dans la cr\u00e9ation d\u2019ar\u00f4mes<br \/>\npour des marques du monde entier.<\/p>\n","protected":false},"excerpt":{"rendered":"<p>Bien plus qu\u2019un ar\u00f4me Scentium est une entreprise \u00e0 \u00e9chelle mondiale, avec plus de 35 ans d\u2019exp\u00e9rience dans la cr\u00e9ation d\u2019ar\u00f4mes pour des marques du monde entier.<\/p>\n","protected":false},"author":4,"featured_media":4582,"parent":0,"menu_order":0,"comment_status":"closed","ping_status":"closed","template":"page-home.php","meta":{"_acf_changed":false,"footnotes":""},"class_list":["post-4580","page","type-page","status-publish","has-post-thumbnail","hentry"],"acf":[],"_links":{"self":[{"href":"https:\/\/scentium.com\/fr\/wp-json\/wp\/v2\/pages\/4580","targetHints":{"allow":["GET"]}}],"collection":[{"href":"https:\/\/scentium.com\/fr\/wp-json\/wp\/v2\/pages"}],"about":[{"href":"https:\/\/scentium.com\/fr\/wp-json\/wp\/v2\/types\/page"}],"author":[{"embeddable":true,"href":"https:\/\/scentium.com\/fr\/wp-json\/wp\/v2\/users\/4"}],"replies":[{"embeddable":true,"href":"https:\/\/scentium.com\/fr\/wp-json\/wp\/v2\/comments?post=4580"}],"version-history":[{"count":16,"href":"https:\/\/scentium.com\/fr\/wp-json\/wp\/v2\/pages\/4580\/revisions"}],"predecessor-version":[{"id":24998,"href":"https:\/\/scentium.com\/fr\/wp-json\/wp\/v2\/pages\/4580\/revisions\/24998"}],"wp:featuredmedia":[{"embeddable":true,"href":"https:\/\/scentium.com\/fr\/wp-json\/wp\/v2\/media\/4582"}],"wp:attachment":[{"href":"https:\/\/scentium.com\/fr\/wp-json\/wp\/v2\/media?parent=4580"}],"curies":[{"name":"wp","href":"https:\/\/api.w.org\/{rel}","templated":true}]}}