{"id":4577,"date":"2016-09-24T10:48:40","date_gmt":"2016-09-24T08:48:40","guid":{"rendered":"http:\/\/scentium.com\/our-company\/"},"modified":"2022-09-01T08:26:51","modified_gmt":"2022-09-01T06:26:51","slug":"entreprise","status":"publish","type":"page","link":"https:\/\/scentium.com\/fr\/entreprise\/","title":{"rendered":"Entreprise"},"content":{"rendered":"<p>Scentium est une entreprise cr\u00e9\u00e9e en 1985, sp\u00e9cialis\u00e9e dans les ar\u00f4mes, pr\u00e9sente dans plus de 120 pays. Nous nous engageons \u00e0 investir en permanence dans l\u2019am\u00e9lioration et l\u2019expansion de nos activit\u00e9s et services dans le monde entier, dans un secteur de plus en plus concurrentiel tel que l\u2019industrie agroalimentaire et des boissons.<\/p>\n","protected":false},"excerpt":{"rendered":"<p>Scentium est une entreprise cr\u00e9\u00e9e en 1985, sp\u00e9cialis\u00e9e dans les ar\u00f4mes, pr\u00e9sente dans plus de 120 pays. Nous nous engageons \u00e0 investir en permanence dans l\u2019am\u00e9lioration et l\u2019expansion de nos activit\u00e9s et services dans le monde entier, dans un secteur de plus en plus concurrentiel tel que l\u2019industrie agroalimentaire et&#8230;<\/p>\n","protected":false},"author":4,"featured_media":4579,"parent":0,"menu_order":0,"comment_status":"closed","ping_status":"closed","template":"page-our-company.php","meta":{"_acf_changed":false,"footnotes":""},"class_list":["post-4577","page","type-page","status-publish","has-post-thumbnail","hentry"],"acf":[],"_links":{"self":[{"href":"https:\/\/scentium.com\/fr\/wp-json\/wp\/v2\/pages\/4577","targetHints":{"allow":["GET"]}}],"collection":[{"href":"https:\/\/scentium.com\/fr\/wp-json\/wp\/v2\/pages"}],"about":[{"href":"https:\/\/scentium.com\/fr\/wp-json\/wp\/v2\/types\/page"}],"author":[{"embeddable":true,"href":"https:\/\/scentium.com\/fr\/wp-json\/wp\/v2\/users\/4"}],"replies":[{"embeddable":true,"href":"https:\/\/scentium.com\/fr\/wp-json\/wp\/v2\/comments?post=4577"}],"version-history":[{"count":8,"href":"https:\/\/scentium.com\/fr\/wp-json\/wp\/v2\/pages\/4577\/revisions"}],"predecessor-version":[{"id":24999,"href":"https:\/\/scentium.com\/fr\/wp-json\/wp\/v2\/pages\/4577\/revisions\/24999"}],"wp:featuredmedia":[{"embeddable":true,"href":"https:\/\/scentium.com\/fr\/wp-json\/wp\/v2\/media\/4579"}],"wp:attachment":[{"href":"https:\/\/scentium.com\/fr\/wp-json\/wp\/v2\/media?parent=4577"}],"curies":[{"name":"wp","href":"https:\/\/api.w.org\/{rel}","templated":true}]}}