{"id":4574,"date":"2016-09-26T08:24:04","date_gmt":"2016-09-26T06:24:04","guid":{"rendered":"http:\/\/scentium.com\/careers\/"},"modified":"2018-10-30T18:26:46","modified_gmt":"2018-10-30T16:26:46","slug":"emploi","status":"publish","type":"page","link":"https:\/\/scentium.com\/fr\/emploi\/","title":{"rendered":"Emploi"},"content":{"rendered":"<p>Nous sommes toujours \u00e0 la recherche de personnes capables d\u2019apporter une nouvelle passion, de nouvelles comp\u00e9tences et de nouvelles id\u00e9es \u00e0 notre activit\u00e9. Si vous souhaitez travailler avec nous, n\u2019h\u00e9sitez pas \u00e0 nous contacter.<\/p>\n<p>&nbsp;<\/p>\n<p><img loading=\"lazy\" decoding=\"async\" class=\"aligncenter size-full wp-image-3613\" src=\"http:\/\/scentium.com\/wp-content\/uploads\/2016\/09\/caramelos-careers.jpg\" alt=\"\" width=\"600\" height=\"549\" srcset=\"https:\/\/scentium.com\/wp-content\/uploads\/2016\/09\/caramelos-careers.jpg 600w, https:\/\/scentium.com\/wp-content\/uploads\/2016\/09\/caramelos-careers-300x275.jpg 300w, https:\/\/scentium.com\/wp-content\/uploads\/2016\/09\/caramelos-careers-247x226.jpg 247w\" sizes=\"auto, (max-width: 600px) 100vw, 600px\" \/><\/p>\n","protected":false},"excerpt":{"rendered":"<p>Nous sommes toujours \u00e0 la recherche de personnes capables d\u2019apporter une nouvelle passion, de nouvelles comp\u00e9tences et de nouvelles id\u00e9es \u00e0 notre activit\u00e9. Si vous souhaitez travailler avec nous, n\u2019h\u00e9sitez pas \u00e0 nous contacter. &nbsp;<\/p>\n","protected":false},"author":4,"featured_media":4576,"parent":0,"menu_order":0,"comment_status":"closed","ping_status":"closed","template":"page-careers-new.php","meta":{"_acf_changed":false,"footnotes":""},"class_list":["post-4574","page","type-page","status-publish","has-post-thumbnail","hentry"],"acf":[],"_links":{"self":[{"href":"https:\/\/scentium.com\/fr\/wp-json\/wp\/v2\/pages\/4574","targetHints":{"allow":["GET"]}}],"collection":[{"href":"https:\/\/scentium.com\/fr\/wp-json\/wp\/v2\/pages"}],"about":[{"href":"https:\/\/scentium.com\/fr\/wp-json\/wp\/v2\/types\/page"}],"author":[{"embeddable":true,"href":"https:\/\/scentium.com\/fr\/wp-json\/wp\/v2\/users\/4"}],"replies":[{"embeddable":true,"href":"https:\/\/scentium.com\/fr\/wp-json\/wp\/v2\/comments?post=4574"}],"version-history":[{"count":4,"href":"https:\/\/scentium.com\/fr\/wp-json\/wp\/v2\/pages\/4574\/revisions"}],"predecessor-version":[{"id":4775,"href":"https:\/\/scentium.com\/fr\/wp-json\/wp\/v2\/pages\/4574\/revisions\/4775"}],"wp:featuredmedia":[{"embeddable":true,"href":"https:\/\/scentium.com\/fr\/wp-json\/wp\/v2\/media\/4576"}],"wp:attachment":[{"href":"https:\/\/scentium.com\/fr\/wp-json\/wp\/v2\/media?parent=4574"}],"curies":[{"name":"wp","href":"https:\/\/api.w.org\/{rel}","templated":true}]}}