{"id":4566,"date":"2016-10-26T14:31:47","date_gmt":"2016-10-26T12:31:47","guid":{"rendered":"http:\/\/scentium.com\/privacy-policy\/"},"modified":"2022-02-28T16:15:22","modified_gmt":"2022-02-28T14:15:22","slug":"mentions-legales-et-politique-de-confidentialite","status":"publish","type":"page","link":"https:\/\/scentium.com\/fr\/mentions-legales-et-politique-de-confidentialite\/","title":{"rendered":"POLITIQUE DE CONFIDENTIALIT\u00c9 ET COOKIES"},"content":{"rendered":"<div class=\"field field-name-title visible\"><\/div>\n<div class=\"field field-name-body\">\n<p>POLITIQUE DE CONFIDENCIALIT\u00c9<\/p>\n<p>QUI EST LE RESPONSABLE DU TRAITEMENT DE VOS DONN\u00c9ES ?<\/p>\n<p>QUEL TYPE DE DONN\u00c9ES SERONT TRAIT\u00c9ES ?<\/p>\n<p>\u00c0 QUELLE FIN UTILISONS-NOUS VOS DONN\u00c9ES PERSONNELLES ?<\/p>\n<p>EN QUOI LE TRAITEMENT DE MES DONN\u00c9ES EST-IL L\u00c9GITIME ?<\/p>\n<p>COMBIEN DE TEMPS NOUS CONSERVERONS VOS DONN\u00c9ES ?<\/p>\n<p>VOS DONN\u00c9ES SERONT-ELLES PARTAG\u00c9ES AVEC DES TIERS ?<\/p>\n<p>QUELS SONT VOS DROITS, ET COMMENT NOUS CONTACTER ?<\/p>\n<p>MODIFICATIONS APPORT\u00c9ES \u00c0 LA POLITIQUE DE CONFIDENTIALIT\u00c9<\/p>\n<h2>INFORMATION SUR LES COOKIES<\/h2>\n<p>Scentium Flavours, SL vous pr\u00e9sente sa politique de confidentialit\u00e9 appliqu\u00e9e aux donn\u00e9es personnelles. L\u2019utilisation du site Web n\u2019implique pas forc\u00e9ment que l\u2019utilisateur doit fournir des informations concernant son identit\u00e9, ne pouvant \u00eatre associ\u00e9 \u00e0 un utilisateur sp\u00e9cifique par la soci\u00e9t\u00e9. Si des donn\u00e9es \u00e0 caract\u00e8re personnel sont fournies, ces donn\u00e9es sont collect\u00e9es et trait\u00e9es conform\u00e9ment aux limitations et aux droits vis\u00e9s dans ladite norme.<\/p>\n<p>&nbsp;<\/p>\n<h2>POLITIQUE DE CONFIDENTIALIT\u00c9<\/h2>\n<p>QUI EST LE RESPONSABLE DU TRAITEMENT DE VOS DONN\u00c9ES\u2009?<br \/>\n\u2022 RESPONSABLE DU TRAITEMENT Scentium Flavours, SL<br \/>\n\u2022 CIF : B-73618225<br \/>\n\u2022 Adresse : PI Las Salinas, Avenida de Europa, s\/n, 30840 Alhama de Murcia, (Murcie, Espagne)<br \/>\n\u2022 Courrier \u00e9lectronique : data.privacy@scentium.com<\/p>\n<p>&nbsp;<\/p>\n<h2>QUEL TYPE DE DONN\u00c9ES SERONT TRAIT\u00c9ES\u2009?<\/h2>\n<p>Selon les produits, les services ou les fonctionnalit\u00e9s dont vous souhaitez profiter \u00e0 tout moment, nous aurons besoin de traiter certaines donn\u00e9es. \u00c0 titre g\u00e9n\u00e9ral, ces donn\u00e9es seront, selon le cas, les suivantes :<br \/>\n\u2022 Vos donn\u00e9es d\u2019identification (par exemple : votre pr\u00e9nom, votre nom de famille, la langue et le pays depuis lequel vous interagissez avec nous, les donn\u00e9es de contact, etc.)<br \/>\n\u2022 Les donn\u00e9es de connexion, de g\u00e9olocalisation et de navigation (si vous interagissez avec nous \u00e0 partir de votre t\u00e9l\u00e9phone mobile, par exemple).<br \/>\n\u2022 Donn\u00e9es sur vos go\u00fbts et pr\u00e9f\u00e9rences.<br \/>\n\u2022 Donn\u00e9es acad\u00e9miques et professionnelles en cas de recrutement de personnel.<br \/>\nVeuillez noter que, lorsque nous vous demanderons de nous fournir vos donn\u00e9es personnelles pour donner acc\u00e8s \u00e0 certaines fonctionnalit\u00e9s ou service du site, certains champs seront marqu\u00e9s comme obligatoires, s\u2019agissant celles-ci de donn\u00e9es n\u00e9cessaires pour vous fournir ou vous donner acc\u00e8s \u00e0 la fonctionnalit\u00e9 requise.<br \/>\nVeuillez noter que, si vous choisissez de ne pas nous communiquer vos donn\u00e9es, il se peut vous ne puissiez pas compl\u00e9ter votre inscription en tant qu\u2019utilisateur ou que vous ne pussiez pas b\u00e9n\u00e9ficier de ces services ou fonctionnalit\u00e9s.<\/p>\n<p>&nbsp;<\/p>\n<h2>\u00c0 QUELLE FIN UTILISONS-NOUS VOS DONN\u00c9ES PERSONNELLES\u2009?<\/h2>\n<p>En fonction de votre interaction avec notre site Internet, nous traiterons vos donn\u00e9es personnelles aux fins suivantes :<br \/>\n1. Pour r\u00e9pondre aux sollicitudes ou aux demandes que vous r\u00e9alisez via les diff\u00e9rents moyens int\u00e9gr\u00e9s dans notre site Internet.<br \/>\nNous ne traitons que les donn\u00e9es personnelles qui sont strictement n\u00e9cessaires pour g\u00e9rer ou r\u00e9soudre votre demande ou p\u00e9tition.<br \/>\n2. Pour participer \u00e0 notre processus de recrutement.<br \/>\nNous traiterons vos donn\u00e9es personnelles pour vous faire participer \u00e0 notre processus de recrutement.<br \/>\n3. Analyse d\u2019utilisabilit\u00e9 et de qualit\u00e9 pour am\u00e9liorer nos services (Cookies).<br \/>\nSi vous acc\u00e9dez \u00e0 notre Plateforme, nous vous informons que nous traiterons vos donn\u00e9es de navigation \u00e0 des fins analytiques et statistiques, c\u2019est-\u00e0-dire, pour comprendre de quelle mani\u00e8re les utilisateurs interagissent avec la Plateforme et \u00eatre en mesure d\u2019apporter des am\u00e9liorations. De m\u00eame, nous r\u00e9alisons parfois des actions et des enqu\u00eates de qualit\u00e9 destin\u00e9es \u00e0 conna\u00eetre le degr\u00e9 de satisfaction de nos clients et utilisateurs et pour d\u00e9tecter les domaines dans lesquels am\u00e9liorer nos performances.<\/p>\n<p>&nbsp;<\/p>\n<h2>EN QUOI LE TRAITEMENT DE MES DONN\u00c9ES EST-IL L\u00c9GITIME\u2009?<\/h2>\n<p>La base l\u00e9gale nous permettant de traiter vos donn\u00e9es personnelles d\u00e9pend de la finalit\u00e9 pour laquelle nous les traitons, de cette fa\u00e7on nous trouverons diff\u00e9rentes bases l\u00e9gales, en vertu des fins suivantes :<br \/>\n1. R\u00e9pondre aux demandes d\u2019informations.<br \/>\nLa base l\u00e9gale pour le traitement des donn\u00e9es personnelles est votre consentement \u00e9clair\u00e9 pour r\u00e9pondre \u00e0 vos demandes sur notre site, \u00e9tant ainsi accept\u00e9s ces conditions par l\u2019utilisateur.<br \/>\n2. Pour participer \u00e0 notre processus de recrutement.<br \/>\nLa base l\u00e9gale est la relation pr\u00e9contractuelle.<\/p>\n<p>&nbsp;<\/p>\n<h2>COMBIEN DE TEMPS NOUS CONSERVERONS VOS DONN\u00c9ES\u2009?<\/h2>\n<p>Nous traiterons vos donn\u00e9es pendant le temps n\u00e9cessaire pour r\u00e9pondre \u00e0 votre demande ou pour participer dans nos processus de recrutement et seront supprim\u00e9es au bout d\u2019un an.<\/p>\n<p>&nbsp;<\/p>\n<h2>VOS DONN\u00c9ES SERONT-ELLES PARTAG\u00c9ES AVEC DES TIERS\u2009?<\/h2>\n<p>Pour ex\u00e9cuter les finalit\u00e9s mentionn\u00e9es dans la pr\u00e9sente Politique de Confidentialit\u00e9, nous devons donner acc\u00e8s \u00e0 vos donn\u00e9es personnelles \u00e0 des tiers qui collaborent avec nous dans les services que nous vous offrons et que nous vous d\u00e9taillons ci-dessous.<br \/>\n\u2022 Les fournisseurs de services technologiques<br \/>\n\u2022 Des soci\u00e9t\u00e9s du groupe.<\/p>\n<p>&nbsp;<\/p>\n<h2>QUELS SONT VOS DROITS, ET COMMENT NOUS CONTACTER\u2009?<\/h2>\n<p>Nous nous engageons \u00e0 respecter la confidentialit\u00e9 de vos donn\u00e9es personnelles et \u00e0 garantir le plein exercice de vos droits.<br \/>\nVous pouvez les exercer gratuitement en nous envoyant un e-mail \u00e0 notre adresse data.privacy@scentium.com, en indiquant simplement le motif de votre demande et le droit que vous souhaitez exercer.<br \/>\nSi nous le jugeons n\u00e9cessaire afin de pouvoir vous identifier, nous nous r\u00e9servons la possibilit\u00e9 de vous demander une photocopie de votre carte d\u2019identit\u00e9. En particulier, ind\u00e9pendamment de la finalit\u00e9 ou conform\u00e9ment \u00e0 la base l\u00e9gale dans laquelle nous traitons vos donn\u00e9es, vous avez le droit de :<br \/>\nNous demander l\u2019acc\u00e8s aux donn\u00e9es que nous d\u00e9tenons \u00e0 votre sujet.<br \/>\nNous demander de rectifier les donn\u00e9es dont nous disposons d\u00e9j\u00e0. Sachez qu\u2019en nous communiquant activement vos donn\u00e9es personnelles par toute voie, vous garantissez qu\u2019elles sont vraies et exactes et vous vous engagez \u00e0 nous notifier tout changement ou toute modification de ces derni\u00e8res.<br \/>\nNous demander de supprimer vos donn\u00e9es dans la mesure o\u00f9 elles ne sont plus n\u00e9cessaires dans le but pour lequel nous avons besoin de les traiter comme nous vous avons signal\u00e9, ou dans lequel nous n\u2019avons pas eu la l\u00e9gitimit\u00e9 de le faire.<br \/>\nNous demander de limiter le traitement de vos donn\u00e9es, ce qui implique que, dans certains cas, vous pouvez nous demander de suspendre momentan\u00e9ment le traitement des donn\u00e9es ou de les conserver au-del\u00e0 du temps n\u00e9cessaire si vous en avez besoin. Si vous nous avez donn\u00e9 votre consentement au traitement de vos donn\u00e9es \u00e0 toutes fins, vous avez \u00e9galement le droit de le retraire \u00e0 tout moment.<br \/>\nPar ailleurs, si le traitement de vos donn\u00e9es est fond\u00e9 sur notre int\u00e9r\u00eat l\u00e9gitime, vous aurez aussi le droit de vous opposer au traitement de vos donn\u00e9es.<br \/>\nNous vous informons \u00e9galement de votre droit \u00e0 d\u00e9poser une r\u00e9clamation aupr\u00e8s de l\u2019autorit\u00e9 de Contr\u00f4le en mati\u00e8re de protection des donn\u00e9es, notamment l\u2019Agence espagnole de Protection de donn\u00e9es https:\/\/www.agpd.es\/portalwebAGPD\/index-ides-idphp.php<\/p>\n<h2>MODIFICATIONS APPORT\u00c9ES \u00c0 LA POLITIQUE DE CONFIDENTIALIT\u00c9<\/h2>\n<p>Nous nous r\u00e9servons le droit de modifier occasionnellement les informations contenues dans cette politique de confidentialit\u00e9. En cas d\u2019\u00e9ventuelles modifications, nous vous en informerons \u00e0 travers la Plateforme, ou nous vous le communiquerons par courrier \u00e9lectronique lorsque le changement est important pour votre vie priv\u00e9e, de fa\u00e7on \u00e0 ce que vous puissiez r\u00e9viser les changements, les \u00e9valuer et, si n\u00e9cessaire, vous opposer ou vous d\u00e9sabonner d\u2019un service ou d\u2019une fonctionnalit\u00e9.<\/p>\n<h2>INFORMATION SUR LES COOKIES<\/h2>\n<p>Nous utilisons des cookies et des dispositifs pour faciliter votre navigation sur la Plateforme, pour conna\u00eetre votre fa\u00e7on d\u2019interagir avec nous et, dans certains cas, pour vous proposer des publicit\u00e9s adapt\u00e9es \u00e0 vos habitudes de navigation. Veuillez lire notre <a href=\"https:\/\/scentium.com\/fr\/politique-de-cookies\/\">Politique de Cookies<\/a> pour en savoir plus sur les t\u00e9moins et les dispositifs semblables que nous utilisons, leur but et d\u2019autres renseignements d\u2019int\u00e9r\u00eat.<\/p>\n<\/div>\n","protected":false},"excerpt":{"rendered":"<p>POLITIQUE DE CONFIDENCIALIT\u00c9 QUI EST LE RESPONSABLE DU TRAITEMENT DE VOS DONN\u00c9ES ? QUEL TYPE DE DONN\u00c9ES SERONT TRAIT\u00c9ES ? \u00c0 QUELLE FIN UTILISONS-NOUS VOS DONN\u00c9ES PERSONNELLES ? EN QUOI LE TRAITEMENT DE MES DONN\u00c9ES EST-IL L\u00c9GITIME ? COMBIEN DE TEMPS NOUS CONSERVERONS VOS DONN\u00c9ES ? VOS DONN\u00c9ES SERONT-ELLES PARTAG\u00c9ES&#8230;<\/p>\n","protected":false},"author":4,"featured_media":4568,"parent":0,"menu_order":0,"comment_status":"closed","ping_status":"closed","template":"","meta":{"_acf_changed":false,"footnotes":""},"class_list":["post-4566","page","type-page","status-publish","has-post-thumbnail","hentry"],"acf":[],"_links":{"self":[{"href":"https:\/\/scentium.com\/fr\/wp-json\/wp\/v2\/pages\/4566","targetHints":{"allow":["GET"]}}],"collection":[{"href":"https:\/\/scentium.com\/fr\/wp-json\/wp\/v2\/pages"}],"about":[{"href":"https:\/\/scentium.com\/fr\/wp-json\/wp\/v2\/types\/page"}],"author":[{"embeddable":true,"href":"https:\/\/scentium.com\/fr\/wp-json\/wp\/v2\/users\/4"}],"replies":[{"embeddable":true,"href":"https:\/\/scentium.com\/fr\/wp-json\/wp\/v2\/comments?post=4566"}],"version-history":[{"count":12,"href":"https:\/\/scentium.com\/fr\/wp-json\/wp\/v2\/pages\/4566\/revisions"}],"predecessor-version":[{"id":20907,"href":"https:\/\/scentium.com\/fr\/wp-json\/wp\/v2\/pages\/4566\/revisions\/20907"}],"wp:featuredmedia":[{"embeddable":true,"href":"https:\/\/scentium.com\/fr\/wp-json\/wp\/v2\/media\/4568"}],"wp:attachment":[{"href":"https:\/\/scentium.com\/fr\/wp-json\/wp\/v2\/media?parent=4566"}],"curies":[{"name":"wp","href":"https:\/\/api.w.org\/{rel}","templated":true}]}}