{"id":4562,"date":"2016-10-26T14:40:34","date_gmt":"2016-10-26T12:40:34","guid":{"rendered":"http:\/\/scentium.com\/cookies-policy\/"},"modified":"2022-02-28T16:17:10","modified_gmt":"2022-02-28T14:17:10","slug":"politique-de-cookies","status":"publish","type":"page","link":"https:\/\/scentium.com\/fr\/politique-de-cookies\/","title":{"rendered":"Politique en mati\u00e8re de cookies"},"content":{"rendered":"<h3>D\u00c9FINITION ET FONCTIONNALITE GENERIQUE DES COOKIES<\/h3>\n<p>Les cookies sont des identifiants qui peuvent \u00eatre envoy\u00e9s depuis un site via votre navigateur pour \u00eatre plac\u00e9s sur le disque dur de votre ordinateur pour permettre \u00e0 nos syst\u00e8mes de le reconna\u00eetre et de vous proposer certains services.<br \/>\nEn g\u00e9n\u00e9ral, ces technologies peuvent \u00eatre utilis\u00e9es \u00e0 des fins tr\u00e8s diverses, notamment pour vous reconna\u00eetre en tant qu\u2019utilisateur, obtenir des informations sur vos habitudes de navigation, ou personnaliser l\u2019affichage du contenu.<br \/>\nCe site utilise plusieurs types de cookies. Ces cookies sont g\u00e9n\u00e9ralement plac\u00e9s par des tiers avec l\u2019autorisation de l\u2019exploitant du site. Dans certains cas, en utilisant un moteur de recherche Google, il se peut que vous ayez accept\u00e9 ses propres cookies. Ces cookies Google sont install\u00e9s m\u00eame si vous n\u2019avez pas accept\u00e9 nos cookies propres et\/ou de tiers.<br \/>\nCi-dessous, nous indiquons les cookies utilis\u00e9s par le site Internet.<\/p>\n<h3>COOKIES UTILIS\u00c9S<\/h3>\n<p><strong>Cookies n\u00e9cessaires<\/strong><br \/>\nLes cookies n\u00e9cessaires contribuent \u00e0 rendre un site Internet exploitable en activant des fonctionnalit\u00e9s de base telles que la navigation sur le site et l\u2019acc\u00e8s \u00e0 des zones s\u00e9curis\u00e9es sur le site. Le site Internet ne peut fonctionner correctement sans ces cookies.<\/p>\n<hr \/>\n<table style=\"height: 829px;\" width=\"1059\">\n<tbody>\n<tr>\n<td width=\"18%\"><strong>Nom<\/strong><\/td>\n<td width=\"29%\"><strong>Fournisseur<\/strong><\/td>\n<td width=\"31%\"><strong>Propos<\/strong><\/td>\n<td width=\"20%\"><strong>Expiration<\/strong><\/td>\n<\/tr>\n<tr>\n<td width=\"18%\">_GRECAPTCHA<\/td>\n<td width=\"29%\">google.com<\/td>\n<td width=\"31%\">Ce cookie est utilis\u00e9 pour faire la distinction entre humains et bots. Cela est utile pour le site Internet afin d\u2019\u00e9tablir des rapports valables sur l\u2019utilisation du site.<\/td>\n<td width=\"20%\">179 jours<\/td>\n<\/tr>\n<tr>\n<td width=\"18%\">rc::a<\/td>\n<td width=\"29%\">google.com<\/td>\n<td width=\"31%\">Ce cookie est utilis\u00e9 pour faire la distinction entre humains et bots. Cela est utile pour le site Internet afin d\u2019\u00e9tablir des rapports valables sur l\u2019utilisation du site.<\/td>\n<td width=\"20%\">Permanent<\/td>\n<\/tr>\n<tr>\n<td width=\"18%\">rc::b<\/td>\n<td width=\"29%\">google.com<\/td>\n<td width=\"31%\">Ce cookie est utilis\u00e9 pour faire la distinction entre humains et bots.<\/td>\n<td width=\"20%\">Session<\/td>\n<\/tr>\n<tr>\n<td width=\"18%\">rc::c<\/td>\n<td width=\"29%\">google.com<\/td>\n<td width=\"31%\">Ce cookie est utilis\u00e9 pour faire la distinction entre humains et bots.<\/td>\n<td width=\"20%\">Session<\/td>\n<\/tr>\n<tr>\n<td width=\"18%\">rc::d-#<\/td>\n<td width=\"29%\">google.com<\/td>\n<td width=\"31%\">Ce cookie est utilis\u00e9 pour faire la distinction entre humains et bots.<\/td>\n<td width=\"20%\">Permanent<\/td>\n<\/tr>\n<tr>\n<td width=\"18%\">_grecaptcha<\/td>\n<td width=\"29%\">scentium.com<\/td>\n<td width=\"31%\">Ce cookie est utilis\u00e9 pour faire la distinction entre humains et bots. Cela est utile pour le site Internet afin d\u2019\u00e9tablir des rapports valables sur l\u2019utilisation du site.<\/td>\n<td width=\"20%\">Permanent<\/td>\n<\/tr>\n<tr>\n<td width=\"18%\">CookieConsent<\/p>\n<p>&nbsp;<\/td>\n<td width=\"29%\">scentium.com<\/td>\n<td width=\"31%\">Il enregistre le consentement de l\u2019utilisateur aux cookies pour le domaine actuel.<\/td>\n<td width=\"20%\">1 an<\/td>\n<\/tr>\n<\/tbody>\n<\/table>\n<p><strong><br \/>\nCookies de ciblage<\/strong><\/p>\n<hr \/>\n<p>Les cookies de ciblage permettent \u00e0 un site Web de retenir des informations qui modifient la mani\u00e8re dont le site se comporte ou s\u2019affiche, comme votre langue pr\u00e9f\u00e9r\u00e9e ou la r\u00e9gion dans laquelle vous vous situez.<\/p>\n<hr \/>\n<table style=\"height: 238px;\" width=\"1010\">\n<tbody>\n<tr>\n<td width=\"18%\"><strong>Nom<\/strong><\/td>\n<td width=\"30%\"><strong>Fournisseur<\/strong><\/td>\n<td width=\"31%\"><strong>Propos<\/strong><\/td>\n<td width=\"19%\"><strong>Expiration<\/strong><\/td>\n<\/tr>\n<tr>\n<td width=\"18%\">_icl_visitor_lang_js<\/td>\n<td width=\"30%\">scentium.com<\/td>\n<td width=\"31%\">Il enregistre la langue pr\u00e9f\u00e9r\u00e9e de l\u2019utilisateur sur le site Web.<\/td>\n<td width=\"19%\">1 jour<\/td>\n<\/tr>\n<tr>\n<td width=\"18%\">wpml_browser_redirect_test<\/td>\n<td width=\"30%\">scentium.com<\/td>\n<td width=\"31%\">Il enregistre la langue pr\u00e9f\u00e9r\u00e9e de l\u2019utilisateur sur le site Web.<\/td>\n<td width=\"19%\">Session<\/td>\n<\/tr>\n<\/tbody>\n<\/table>\n<p><strong><br \/>\nCookies de statistiques<\/strong><\/p>\n<hr \/>\n<p>Les cookies statistiques aident les propri\u00e9taires de sites Web \u00e0 comprendre la mani\u00e8re dont les visiteurs interagissent avec les sites en collectant et consignant des informations de mani\u00e8re anonyme.<br \/>\nVous pouvez installer le module compl\u00e9mentaire dans votre navigateur pour d\u00e9sactiver les cookies de Google Analytics qui vous permettra de ne pas envoyer des donn\u00e9es statistiques. Disponible sur le lien suivant : https:\/\/tools.google.com\/dlpage\/gaoptout?hl=es<\/p>\n<hr \/>\n<p><strong>Cookies de Marketing<\/strong><\/p>\n<table style=\"height: 1270px;\" width=\"1019\">\n<tbody>\n<tr>\n<td width=\"19%\"><strong>Nom<\/strong><\/td>\n<td width=\"31%\"><strong>Fournisseur<\/strong><\/td>\n<td width=\"32%\"><strong>Propos<\/strong><\/td>\n<td width=\"17%\"><strong>Expiration<\/strong><\/td>\n<\/tr>\n<tr>\n<td width=\"19%\">__utm.gif<\/td>\n<td width=\"31%\">google-analytics.com<\/td>\n<td width=\"32%\">Ce cookie est utilis\u00e9 pour d\u00e9terminer le type d\u2019appareil ou de logiciel de navigation utilis\u00e9 par le visiteur. Cela permet de formater le site Web en cons\u00e9quence.<\/td>\n<td width=\"17%\">\u00a0 Session<\/td>\n<\/tr>\n<tr>\n<td width=\"19%\">__utma<\/td>\n<td width=\"31%\">scentium.com<\/td>\n<td width=\"32%\">Il enregistre des donn\u00e9es sur le nombre de fois qu\u2019un utilisateur a visit\u00e9 le site Web ainsi que les dates de la premi\u00e8re et de la plus r\u00e9cente visite. Utilis\u00e9 par Google Analytics.<\/td>\n<td width=\"17%\">\u00a0 2 ans<\/td>\n<\/tr>\n<tr>\n<td width=\"19%\">__utmb<\/td>\n<td width=\"31%\">scentium.com<\/td>\n<td width=\"32%\">Il enregistre un horodatage avec l\u2019heure exacte \u00e0 laquelle l\u2019utilisateur visite le site Web. Ce cookie est utilis\u00e9 par Google Analytics pour calculer la dur\u00e9e de la visite sur un site Web.<\/td>\n<td width=\"17%\">\u00a0 1 jour<\/td>\n<\/tr>\n<tr>\n<td width=\"19%\">__utmc<\/td>\n<td width=\"31%\">scentium.com<\/td>\n<td width=\"32%\">Il enregistre un horodatage avec l\u2019heure exacte \u00e0 laquelle l\u2019utilisateur quitte le site Web. Ce cookie est utilis\u00e9 par Google Analytics pour calculer la dur\u00e9e de la visite sur un site Web.<\/td>\n<td width=\"17%\">\u00a0 \u00a0Session<\/td>\n<\/tr>\n<tr>\n<td width=\"19%\">__utmt<\/td>\n<td width=\"31%\">scentium.com<\/td>\n<td width=\"32%\">Ce cookie est utilis\u00e9 pour acc\u00e9l\u00e9rer la vitesse des demandes du serveur.<\/td>\n<td width=\"17%\">\u00a0 1 jour<\/td>\n<\/tr>\n<tr>\n<td width=\"19%\">__utmz<\/td>\n<td width=\"31%\">scentium.com<\/td>\n<td width=\"32%\">Il enregistre des donn\u00e9es sur l\u2019origine de l\u2019utilisateur, le moteur de recherche utilis\u00e9, le lien sur lequel il a cliqu\u00e9 et le terme de recherche utilis\u00e9. Utilis\u00e9 par Google Analytics.<\/td>\n<td width=\"17%\">\u00a0 6 mois<\/td>\n<\/tr>\n<tr>\n<td width=\"19%\">_ga<\/td>\n<td width=\"31%\">scentium.com<\/td>\n<td width=\"32%\">Il enregistre un identifiant unique utilis\u00e9 pour produire des donn\u00e9es statistiques sur la mani\u00e8re dont le visiteur utilise le site Web.<\/td>\n<td width=\"17%\">\u00a0 2 ans<\/td>\n<\/tr>\n<tr>\n<td width=\"19%\">_gat<\/td>\n<td width=\"31%\">scentium.com<\/td>\n<td width=\"32%\">Utilis\u00e9 par Google Analytics pour limiter le taux de requ\u00eate.<\/td>\n<td width=\"17%\">\u00a0 1 jour<\/td>\n<\/tr>\n<tr>\n<td width=\"19%\">_gid<\/td>\n<td width=\"31%\">scentium.com<\/td>\n<td width=\"32%\">Il enregistre un identifiant unique utilis\u00e9 pour produire des donn\u00e9es statistiques sur la mani\u00e8re dont le visiteur utilise le site Web.<\/td>\n<td width=\"17%\">\u00a0 1 jour<\/td>\n<\/tr>\n<\/tbody>\n<\/table>\n<p>&nbsp;<\/p>\n<hr \/>\n<p>Les cookies de Marketing sont utilis\u00e9s pour suivre les visiteurs des sites Internet. L\u2019intention est d\u2019afficher des annonces pertinentes et attrayantes pour l\u2019utilisateur individuel, et donc plus utiles pour les \u00e9diteurs et les annonceurs tiers.<br \/>\nNotre site Web n\u2019utilise pas de cookies marketing.<\/p>\n<p>&nbsp;<\/p>\n<h3>ACTIVATION\/DESACTIVATION DES COOKIES SUR LES PRINCIPAUX NAVIGATEURS :<\/h3>\n<p>Il est normalement possible de d\u00e9sactiver les Cookies d\u2019un navigateur ou de d\u00e9sactiver les cookies d\u2019un service en particulier.<br \/>\nLa quasi-majorit\u00e9 des navigateurs permettent de modifier la configuration des Cookies. Ces param\u00e8tres se trouvent normalement dans les \u00ab\u2009Options\u2009\u00bb ou les \u00ab\u2009Pr\u00e9f\u00e9rences\u2009\u00bb dans le menu de votre navigateur. Vous pouvez \u00e9galement configurer navigateur ou votre logiciel de gestion de messagerie.<\/p>\n<p>Vous trouverez ci-apr\u00e8s les directives \u00e0 l\u2019utilisateur sur les \u00e9tapes \u00e0 suivre pour faire apparaitre le menu des param\u00e9trages des cookies et, le cas \u00e9ch\u00e9ant, de la navigation priv\u00e9e dans chacun des principaux navigateurs :<\/p>\n<p><strong>Internet Explorer : <\/strong>Outils &#8211;&gt; Options Internet &#8211;&gt; Confidentialit\u00e9 &#8211;&gt; Param\u00e8tres. Pour de plus amples informations, veuillez consulter le support de Microsoft ou l\u2019Assistance du navigateur.<br \/>\n<strong>Firefox : <\/strong>Outils &#8211;&gt; Options &#8211;&gt; Vie priv\u00e9e &#8211;&gt; Historique &#8211;&gt; R\u00e8gles de conservation. Pour de plus amples informations, veuillez consulter le support de Mozilla ou l\u2019Assistance du navigateur.<br \/>\n<strong>Chrome : <\/strong>Param\u00e8tres &#8211;&gt; Afficher les param\u00e8tres avanc\u00e9s &#8211;&gt; Confidentialit\u00e9 &#8211;&gt; Param\u00e8tres du Contenu. Pour de plus amples informations, veuillez consulter le support de Google ou l\u2019Assistance du navigateur.<br \/>\n<strong>Safari : <\/strong>Pr\u00e9f\u00e9rences &#8211;&gt; Confidentialit\u00e9. Pour de plus amples informations, veuillez consulter le support de Apple ou l\u2019Assistance du navigateur.<\/p>\n<p>&nbsp;<\/p>\n<p><strong>Que se passe-t-il si les cookies sont d\u00e9sactiv\u00e9s\u2009?<\/strong><br \/>\nCertaines fonctionnalit\u00e9s des Services seront d\u00e9sactiv\u00e9es, par exemple le fait de rester identifi\u00e9, garder les achats dans le \u00ab\u2009panier d\u2019achats\u2009\u00bb, etc.<\/p>\n","protected":false},"excerpt":{"rendered":"<p>D\u00c9FINITION ET FONCTIONNALITE GENERIQUE DES COOKIES Les cookies sont des identifiants qui peuvent \u00eatre envoy\u00e9s depuis un site via votre navigateur pour \u00eatre plac\u00e9s sur le disque dur de votre ordinateur pour permettre \u00e0 nos syst\u00e8mes de le reconna\u00eetre et de vous proposer certains services. En g\u00e9n\u00e9ral, ces technologies peuvent&#8230;<\/p>\n","protected":false},"author":4,"featured_media":4564,"parent":0,"menu_order":0,"comment_status":"closed","ping_status":"closed","template":"","meta":{"_acf_changed":false,"footnotes":""},"class_list":["post-4562","page","type-page","status-publish","has-post-thumbnail","hentry"],"acf":[],"_links":{"self":[{"href":"https:\/\/scentium.com\/fr\/wp-json\/wp\/v2\/pages\/4562","targetHints":{"allow":["GET"]}}],"collection":[{"href":"https:\/\/scentium.com\/fr\/wp-json\/wp\/v2\/pages"}],"about":[{"href":"https:\/\/scentium.com\/fr\/wp-json\/wp\/v2\/types\/page"}],"author":[{"embeddable":true,"href":"https:\/\/scentium.com\/fr\/wp-json\/wp\/v2\/users\/4"}],"replies":[{"embeddable":true,"href":"https:\/\/scentium.com\/fr\/wp-json\/wp\/v2\/comments?post=4562"}],"version-history":[{"count":5,"href":"https:\/\/scentium.com\/fr\/wp-json\/wp\/v2\/pages\/4562\/revisions"}],"predecessor-version":[{"id":20909,"href":"https:\/\/scentium.com\/fr\/wp-json\/wp\/v2\/pages\/4562\/revisions\/20909"}],"wp:featuredmedia":[{"embeddable":true,"href":"https:\/\/scentium.com\/fr\/wp-json\/wp\/v2\/media\/4564"}],"wp:attachment":[{"href":"https:\/\/scentium.com\/fr\/wp-json\/wp\/v2\/media?parent=4562"}],"curies":[{"name":"wp","href":"https:\/\/api.w.org\/{rel}","templated":true}]}}