{"id":5288,"date":"2019-01-15T10:22:12","date_gmt":"2019-01-15T08:22:12","guid":{"rendered":"http:\/\/scentium.com\/iberchem-group\/"},"modified":"2023-02-10T12:12:38","modified_gmt":"2023-02-10T10:12:38","slug":"iberchem-group","status":"publish","type":"page","link":"https:\/\/scentium.com\/es\/iberchem-group\/","title":{"rendered":"<h1 style=\"text-align: center; font-size: 50px; display: none;\">Iberchem Group<\/h1>"},"content":{"rendered":"<h2 style=\"text-align: center;\">SOBRE NOSOTROS<\/h2>\n<p class=\"p1\" style=\"text-align: center;\">Fundada en 1985 por los ejecutivos del sector Jos\u00e9 Robles, Miguel Rom\u00e1n y Ram\u00f3n Fern\u00e1ndez, Iberchem es una empresa l\u00edder en la industria de las fragancias y los aromas, con 25 oficinas y centros alrededor del mundo y una presencia comercial en m\u00e1s de 120 pa\u00edses.<\/p>\n<p style=\"text-align: center;\">En el a\u00f1o 2000, un fuerte respaldo financiero por parte de fondos de inversi\u00f3n l\u00edder, permiti\u00f3 a Iberchem experimentar un crecimiento impresionante, sin sacrificar ninguno de los principios y valores sobre los que fue fundada. En el a\u00f1o 2020, Iberchem se uni\u00f3 a la familia Croda para llevar m\u00e1s all\u00e1 su plan de expansi\u00f3n y crear valor adicional para sus clientes.<\/p>\n<p>&nbsp;<\/p>\n<h1 style=\"text-align: center; color: #0063ba; font-size: 38px;\"><em>Presencia en m\u00e1s de <u> 120 pa\u00edses.<\/u><\/em><br \/>\n<em>M\u00e1s de <u>200 millones (EUR)<\/u> en ingresos.<\/em><\/h1>\n<p>&nbsp;<\/p>\n","protected":false},"excerpt":{"rendered":"<p>SOBRE NOSOTROS Fundada en 1985 por los ejecutivos del sector Jos\u00e9 Robles, Miguel Rom\u00e1n y Ram\u00f3n Fern\u00e1ndez, Iberchem es una empresa l\u00edder en la industria de las fragancias y los aromas, con 25 oficinas y centros alrededor del mundo y una presencia comercial en m\u00e1s de 120 pa\u00edses. En el&#8230;<\/p>\n","protected":false},"author":2,"featured_media":5285,"parent":0,"menu_order":0,"comment_status":"closed","ping_status":"closed","template":"","meta":{"_acf_changed":false,"footnotes":""},"class_list":["post-5288","page","type-page","status-publish","has-post-thumbnail","hentry"],"acf":[],"_links":{"self":[{"href":"https:\/\/scentium.com\/es\/wp-json\/wp\/v2\/pages\/5288","targetHints":{"allow":["GET"]}}],"collection":[{"href":"https:\/\/scentium.com\/es\/wp-json\/wp\/v2\/pages"}],"about":[{"href":"https:\/\/scentium.com\/es\/wp-json\/wp\/v2\/types\/page"}],"author":[{"embeddable":true,"href":"https:\/\/scentium.com\/es\/wp-json\/wp\/v2\/users\/2"}],"replies":[{"embeddable":true,"href":"https:\/\/scentium.com\/es\/wp-json\/wp\/v2\/comments?post=5288"}],"version-history":[{"count":48,"href":"https:\/\/scentium.com\/es\/wp-json\/wp\/v2\/pages\/5288\/revisions"}],"predecessor-version":[{"id":28276,"href":"https:\/\/scentium.com\/es\/wp-json\/wp\/v2\/pages\/5288\/revisions\/28276"}],"wp:featuredmedia":[{"embeddable":true,"href":"https:\/\/scentium.com\/es\/wp-json\/wp\/v2\/media\/5285"}],"wp:attachment":[{"href":"https:\/\/scentium.com\/es\/wp-json\/wp\/v2\/media?parent=5288"}],"curies":[{"name":"wp","href":"https:\/\/api.w.org\/{rel}","templated":true}]}}