{"id":4337,"date":"2016-09-24T10:02:39","date_gmt":"2016-09-24T10:02:39","guid":{"rendered":"http:\/\/scentium.com\/home\/"},"modified":"2022-08-31T15:47:28","modified_gmt":"2022-08-31T13:47:28","slug":"inicio","status":"publish","type":"page","link":"https:\/\/scentium.com\/es\/","title":{"rendered":"Inicio"},"content":{"rendered":"<h3 style=\"text-align: center;\">M\u00e1s que sabor<\/h3>\n<p style=\"text-align: center;\">Scentium es una empresa global con m\u00e1s de 35 a\u00f1os<br \/>\nde experiencia creando aromas para marcas en todo el mundo<\/p>\n","protected":false},"excerpt":{"rendered":"<p>M\u00e1s que sabor Scentium es una empresa global con m\u00e1s de 35 a\u00f1os de experiencia creando aromas para marcas en todo el mundo<\/p>\n","protected":false},"author":4,"featured_media":3417,"parent":0,"menu_order":0,"comment_status":"closed","ping_status":"closed","template":"page-home.php","meta":{"_acf_changed":false,"footnotes":""},"class_list":["post-4337","page","type-page","status-publish","has-post-thumbnail","hentry"],"acf":[],"_links":{"self":[{"href":"https:\/\/scentium.com\/es\/wp-json\/wp\/v2\/pages\/4337","targetHints":{"allow":["GET"]}}],"collection":[{"href":"https:\/\/scentium.com\/es\/wp-json\/wp\/v2\/pages"}],"about":[{"href":"https:\/\/scentium.com\/es\/wp-json\/wp\/v2\/types\/page"}],"author":[{"embeddable":true,"href":"https:\/\/scentium.com\/es\/wp-json\/wp\/v2\/users\/4"}],"replies":[{"embeddable":true,"href":"https:\/\/scentium.com\/es\/wp-json\/wp\/v2\/comments?post=4337"}],"version-history":[{"count":20,"href":"https:\/\/scentium.com\/es\/wp-json\/wp\/v2\/pages\/4337\/revisions"}],"predecessor-version":[{"id":25000,"href":"https:\/\/scentium.com\/es\/wp-json\/wp\/v2\/pages\/4337\/revisions\/25000"}],"wp:featuredmedia":[{"embeddable":true,"href":"https:\/\/scentium.com\/es\/wp-json\/wp\/v2\/media\/3417"}],"wp:attachment":[{"href":"https:\/\/scentium.com\/es\/wp-json\/wp\/v2\/media?parent=4337"}],"curies":[{"name":"wp","href":"https:\/\/api.w.org\/{rel}","templated":true}]}}