{"id":4250,"date":"2016-10-26T14:40:34","date_gmt":"2016-10-26T12:40:34","guid":{"rendered":"http:\/\/scentium.com\/cookies-policy\/"},"modified":"2022-01-04T09:37:34","modified_gmt":"2022-01-04T07:37:34","slug":"politica-cookies","status":"publish","type":"page","link":"https:\/\/scentium.com\/es\/politica-cookies\/","title":{"rendered":"Pol\u00edtica de cookies"},"content":{"rendered":"<h3>DEFINICI\u00d3N Y FUNCI\u00d3N GEN\u00c9RICA DE LAS COOKIES<\/h3>\n<p>Las cookies son identificadores que enviamos al disco duro de su ordenador a trav\u00e9s de su navegador Web con el fin de que nuestros sistemas puedan reconocer su navegador y ofrecerle ciertos servicios.<br \/>\nEn general, estas tecnolog\u00edas pueden servir para finalidades muy diferentes, por ejemplo, reconocerte como usuario, obtener informaci\u00f3n sobre tus h\u00e1bitos de navegaci\u00f3n, o personalizar la forma en que se muestra el contenido.<br \/>\nEsta p\u00e1gina utiliza tipos diferentes de cookies. Algunas cookies son colocadas por servicios de terceros que aparecen en nuestras p\u00e1ginas. En algunos casos, al utilizar un motor de b\u00fasqueda Google, es posible que haya aceptado sus propias cookies. Estas cookies de Google son instaladas aun cuando usted no haya aceptado nuestras cookies propias y\/o de terceros.<br \/>\nA continuaci\u00f3n, indicamos las cookies que utiliza la p\u00e1gina.<\/p>\n<h3>COOKIES UTILIZADAS<\/h3>\n<p><strong>Cookies necesarias<\/strong><br \/>\nLas cookies necesarias ayudan a hacer una p\u00e1gina web utilizable activando funciones b\u00e1sicas como la navegaci\u00f3n en la p\u00e1gina y el acceso a \u00e1reas seguras de la p\u00e1gina web. La p\u00e1gina web no puede funcionar adecuadamente sin estas cookies.<\/p>\n<hr \/>\n<table width=\"805\">\n<tbody>\n<tr>\n<td width=\"172\"><strong>Nombre<\/strong><\/td>\n<td width=\"157\"><strong>Proveedor<\/strong><\/td>\n<td width=\"388\"><strong>Prop\u00f3sito<\/strong><\/td>\n<td width=\"88\"><strong>Caducidad<\/strong><\/td>\n<\/tr>\n<tr>\n<td width=\"172\">_GRECAPTCHA<\/td>\n<td width=\"157\">google.com<\/td>\n<td width=\"388\">Esta cookie se utiliza para distinguir entre humanos y bots. Esto es beneficioso para la web con el objeto de elaborar informes v\u00e1lidos sobre el uso de su web.<\/td>\n<td width=\"88\">179 d\u00edas<\/td>\n<\/tr>\n<tr>\n<td width=\"172\">rc::a<\/td>\n<td width=\"157\">google.com<\/td>\n<td width=\"388\">Esta cookie se utiliza para distinguir entre humanos y bots. Esto es beneficioso para la web con el objeto de elaborar informes v\u00e1lidos sobre el uso de su web.<\/td>\n<td width=\"88\">Persistente<\/td>\n<\/tr>\n<tr>\n<td width=\"172\">rc::b<\/td>\n<td width=\"157\">google.com<\/td>\n<td width=\"388\">Esta cookie se utiliza para distinguir entre humanos y bots.<\/td>\n<td width=\"88\">Sesi\u00f3n<\/td>\n<\/tr>\n<tr>\n<td width=\"172\">rc::c<\/td>\n<td width=\"157\">google.com<\/td>\n<td width=\"388\">Esta cookie se utiliza para distinguir entre humanos y bots.<\/td>\n<td width=\"88\">Sesi\u00f3n<\/td>\n<\/tr>\n<tr>\n<td width=\"172\">rc::d-#<\/td>\n<td width=\"157\">google.com<\/td>\n<td width=\"388\">Esta cookie se utiliza para distinguir entre humanos y bots.<\/td>\n<td width=\"88\">Persistente<\/td>\n<\/tr>\n<tr>\n<td width=\"172\">_grecaptcha<\/td>\n<td width=\"157\">scentium.com<\/td>\n<td width=\"388\">Esta cookie se utiliza para distinguir entre humanos y bots. Esto es beneficioso para la web con el objeto de elaborar informes v\u00e1lidos sobre el uso de su web.<\/td>\n<td width=\"88\">Persistente<\/td>\n<\/tr>\n<tr>\n<td rowspan=\"2\" width=\"172\">CookieConsent<\/td>\n<td width=\"157\">scentium.com<\/td>\n<td width=\"388\">Almacena el estado de consentimiento de cookies del usuario para el dominio actual.<\/td>\n<td width=\"88\">1 a\u00f1o<\/td>\n<\/tr>\n<tr>\n<td><\/td>\n<td><\/td>\n<td><\/td>\n<\/tr>\n<\/tbody>\n<\/table>\n<hr \/>\n<p>&nbsp;<\/p>\n<p><strong>Cookies de preferencias<\/strong><br \/>\nLas cookies de preferencias permiten a la p\u00e1gina web recordar informaci\u00f3n que cambia la forma en que la p\u00e1gina se comporta o el aspecto que tiene, como su idioma preferido o la regi\u00f3n en la que usted se encuentra.<\/p>\n<hr \/>\n<table width=\"805\">\n<tbody>\n<tr>\n<td width=\"172\"><strong>Nombre<\/strong><\/td>\n<td width=\"157\"><strong>Proveedor<\/strong><\/td>\n<td width=\"388\"><strong>Prop\u00f3sito<\/strong><\/td>\n<td width=\"88\"><strong>Caducidad<\/strong><\/td>\n<\/tr>\n<tr>\n<td width=\"172\">_icl_visitor_lang_js<\/td>\n<td width=\"157\">scentium.com<\/td>\n<td width=\"388\">Guarda el idioma preferido del usuario en el sitio web.<\/td>\n<td width=\"88\">1 d\u00eda<\/td>\n<\/tr>\n<tr>\n<td width=\"172\">wpml_browser_redirect_test<\/td>\n<td width=\"157\">scentium.com<\/td>\n<td width=\"388\">Guarda el idioma preferido del usuario en el sitio web.<\/td>\n<td width=\"88\">Sesi\u00f3n\n<\/td>\n<\/tr>\n<\/tbody>\n<\/table>\n<hr \/>\n<p>&nbsp;<\/p>\n<p><strong>Cookies de estad\u00edsticas<\/strong><br \/>\nLas cookies estad\u00edsticas ayudan a los propietarios de p\u00e1ginas web a comprender c\u00f3mo interact\u00faan los visitantes con las p\u00e1ginas web reuniendo y proporcionando informaci\u00f3n de forma an\u00f3nima.<br \/>\nPara deshabilitar las cookies de Google Analytics, puede instalar el Complemento inhabilitaci\u00f3n para navegadores de Google Analytics que le permitir\u00e1 no mandar informaci\u00f3n estad\u00edstica. Lo tiene disponible en el siguiente enlace: https:\/\/tools.google.com\/dlpage\/gaoptout?hl=es<\/p>\n<hr \/>\n<table width=\"805\">\n<tbody>\n<tr>\n<td width=\"172\"><strong>Nombre<\/strong><\/td>\n<td width=\"157\"><strong>Proveedor<\/strong><\/td>\n<td width=\"388\"><strong>Prop\u00f3sito<\/strong><\/td>\n<td width=\"88\"><strong>Caducidad<\/strong><\/td>\n<\/tr>\n<tr>\n<td width=\"172\">__utm.gif<\/td>\n<td width=\"157\">google-analytics.com<\/td>\n<td width=\"388\">Esta cookie se utiliza para determinar el tipo de dispositivo o programa de navegador que utiliza el visitante. Esto permite el formateo del sitio web en consonancia.<\/td>\n<td width=\"88\">Sesi\u00f3n<\/td>\n<\/tr>\n<tr>\n<td width=\"172\">__utma<\/td>\n<td width=\"157\">scentium.com<\/td>\n<td width=\"388\">Recopila datos sobre el n\u00famero de veces que un usuario ha visitado el sitio web adem\u00e1s de las fechas de la primera visita y de la m\u00e1s reciente. Utilizada por Google Analytics.<\/td>\n<td width=\"88\">2 a\u00f1os<\/td>\n<\/tr>\n<tr>\n<td width=\"172\">__utmb<\/td>\n<td width=\"157\">scentium.com<\/td>\n<td width=\"388\">Registra un sello temporal con la hora exacta en que el usuario accede al sitio web. Utilizada por Google Analytics para calcular la duraci\u00f3n de la visita a un sitio web.<\/td>\n<td width=\"88\">1 d\u00eda<\/td>\n<\/tr>\n<tr>\n<td width=\"172\">__utmc<\/td>\n<td width=\"157\">scentium.com<\/td>\n<td width=\"388\">Registra un sello temporal con la hora exacta en que el usuario deja el sitio web. Utilizada por Google Analytics para calcular la duraci\u00f3n de la visita a un sitio web.<\/td>\n<td width=\"88\">Sesi\u00f3n<\/td>\n<\/tr>\n<tr>\n<td width=\"172\">__utmt<\/td>\n<td width=\"157\">scentium.com<\/td>\n<td width=\"388\">Utilizada para acelerar la velocidad de las peticiones del servidor.<\/td>\n<td width=\"88\">1 d\u00eda<\/td>\n<\/tr>\n<tr>\n<td width=\"172\">__utmz<\/td>\n<td width=\"157\">scentium.com<\/td>\n<td width=\"388\">Recopila datos acerca de d\u00f3nde proviene el usuario, qu\u00e9 motor de b\u00fasqueda ha sido utilizado, sobre qu\u00e9 enlace se ha hecho clic y qu\u00e9 t\u00e9rmino de b\u00fasqueda se us\u00f3. Utilizada por Google Analytics.<\/td>\n<td width=\"88\">6 meses<\/td>\n<\/tr>\n<tr>\n<td width=\"172\">_ga<\/td>\n<td width=\"157\">scentium.com<\/td>\n<td width=\"388\">Registra una identificaci\u00f3n \u00fanica que se utiliza para generar datos estad\u00edsticos acerca de c\u00f3mo utiliza el visitante el sitio web.<\/td>\n<td width=\"88\">2 a\u00f1os<\/td>\n<\/tr>\n<tr>\n<td width=\"172\">_gat<\/td>\n<td width=\"157\">scentium.com<\/td>\n<td width=\"388\">Utilizado por Google Analytics para controlar la tasa de peticiones<\/td>\n<td width=\"88\">1 d\u00eda<\/td>\n<\/tr>\n<tr>\n<td width=\"172\">_gid<\/td>\n<td width=\"157\">scentium.com<\/td>\n<td width=\"388\">Registra una identificaci\u00f3n \u00fanica que se utiliza para generar datos estad\u00edsticos acerca de c\u00f3mo utiliza el visitante el sitio web.<\/td>\n<td width=\"88\">1 d\u00eda<\/td>\n<\/tr>\n<\/tbody>\n<\/table>\n<hr \/>\n<p>&nbsp;<\/p>\n<p><strong>Cookies de Marketing<\/strong><br \/>\nLas cookies de marketing se utilizan para rastrear a los visitantes en las p\u00e1ginas web. La intenci\u00f3n es mostrar anuncios relevantes y atractivos para el usuario individual, y por lo tanto, m\u00e1s valiosos para los editores y terceros anunciantes.<br \/>\nNuestra p\u00e1gina web no utiliza cookies de marketing.<br \/>\n&nbsp;<\/p>\n<h3>C\u00d3MO HABILITAR\/DESHABILITAR LAS COOKIES EN LOS PRINCIPALES NAVEGADORES:<\/h3>\n<p>Normalmente es posible dejar de aceptar las Cookies del navegador, o dejar de aceptar las Cookies de un Servicio en particular.<br \/>\nTodos los navegadores modernos permiten cambiar la configuraci\u00f3n de Cookies. Estos ajustes normalmente se encuentran en las \u2018opciones\u2019 o \u2018Preferencias\u2019 del men\u00fa de su navegador. Asimismo, puede configurar su navegador o su gestor de correo electr\u00f3nico.<br \/>\nA continuaci\u00f3n, se ofrece orientaci\u00f3n al Usuario sobre los pasos para acceder al men\u00fa de configuraci\u00f3n de las cookies y, en su caso, de la navegaci\u00f3n privada en cada uno de los navegadores principales:<\/p>\n<p><strong>Internet Explorer: <\/strong>Herramientas -&gt; Opciones de Internet -&gt; Privacidad -&gt; Configuraci\u00f3n. Para m\u00e1s informaci\u00f3n, puede consultar el soporte de Microsoft o la Ayuda del navegador.<br \/>\n<strong>Firefox: <\/strong>Herramientas -&gt; Opciones -&gt; Privacidad -&gt; Historial -&gt; Configuraci\u00f3n Personalizada. Para m\u00e1s informaci\u00f3n, puede consultar el soporte de Mozilla o la Ayuda del navegador.<br \/>\n<strong>Chrome:<\/strong> Configuraci\u00f3n -&gt; Mostrar opciones avanzadas -&gt; Privacidad -&gt; Configuraci\u00f3n de contenido. Para m\u00e1s informaci\u00f3n, puede consultar el soporte de Google o la Ayuda del navegador.<br \/>\n<strong>Safari: <\/strong>Preferencias -&gt; Seguridad. Para m\u00e1s informaci\u00f3n, puede consultar el soporte de Apple o la Ayuda del navegador.<\/p>\n<p>&nbsp;<\/p>\n<p><strong>\u00bfQu\u00e9 ocurre si se deshabilitan las Cookies?<\/strong><br \/>\nAlgunas funcionalidades de los Servicios quedar\u00e1n deshabilitadas como, por ejemplo, permanecer identificado, mantener las compras en el \u201ccarrito de la compra\u201d, etc.<\/p>\n","protected":false},"excerpt":{"rendered":"<p>DEFINICI\u00d3N Y FUNCI\u00d3N GEN\u00c9RICA DE LAS COOKIES Las cookies son identificadores que enviamos al disco duro de su ordenador a trav\u00e9s de su navegador Web con el fin de que nuestros sistemas puedan reconocer su navegador y ofrecerle ciertos servicios. En general, estas tecnolog\u00edas pueden servir para finalidades muy diferentes,&#8230;<\/p>\n","protected":false},"author":4,"featured_media":3639,"parent":0,"menu_order":0,"comment_status":"closed","ping_status":"closed","template":"","meta":{"_acf_changed":false,"footnotes":""},"class_list":["post-4250","page","type-page","status-publish","has-post-thumbnail","hentry"],"acf":[],"_links":{"self":[{"href":"https:\/\/scentium.com\/es\/wp-json\/wp\/v2\/pages\/4250","targetHints":{"allow":["GET"]}}],"collection":[{"href":"https:\/\/scentium.com\/es\/wp-json\/wp\/v2\/pages"}],"about":[{"href":"https:\/\/scentium.com\/es\/wp-json\/wp\/v2\/types\/page"}],"author":[{"embeddable":true,"href":"https:\/\/scentium.com\/es\/wp-json\/wp\/v2\/users\/4"}],"replies":[{"embeddable":true,"href":"https:\/\/scentium.com\/es\/wp-json\/wp\/v2\/comments?post=4250"}],"version-history":[{"count":7,"href":"https:\/\/scentium.com\/es\/wp-json\/wp\/v2\/pages\/4250\/revisions"}],"predecessor-version":[{"id":20048,"href":"https:\/\/scentium.com\/es\/wp-json\/wp\/v2\/pages\/4250\/revisions\/20048"}],"wp:featuredmedia":[{"embeddable":true,"href":"https:\/\/scentium.com\/es\/wp-json\/wp\/v2\/media\/3639"}],"wp:attachment":[{"href":"https:\/\/scentium.com\/es\/wp-json\/wp\/v2\/media?parent=4250"}],"curies":[{"name":"wp","href":"https:\/\/api.w.org\/{rel}","templated":true}]}}