{"id":4245,"date":"2016-10-26T14:31:47","date_gmt":"2016-10-26T12:31:47","guid":{"rendered":"http:\/\/scentium.com\/privacy-policy\/"},"modified":"2022-02-28T16:16:06","modified_gmt":"2022-02-28T14:16:06","slug":"politica-privacidad","status":"publish","type":"page","link":"https:\/\/scentium.com\/es\/politica-privacidad\/","title":{"rendered":"Pol\u00edtica de Privacidad"},"content":{"rendered":"<div class=\"field field-name-title visible\"><\/div>\n<div class=\"field field-name-body\">\n<p><a href=\"#_Toc530642022\">POL\u00cdTICA DE PRIVACIDAD<\/a><\/p>\n<p><a href=\"#_Toc530642023\">\u00bfQUI\u00c9N ES EL RESPONSABLE DEL TRATAMIENTO DE SUS DATOS?<\/a><\/p>\n<p><a href=\"#_Toc530642024\">\u00bfQU\u00c9 TIPO DE DATOS TRATAMOS?<\/a><\/p>\n<p><a href=\"#_Toc530642025\">\u00bfCON QU\u00c9 FINALIDAD TRATAMOS SUS DATOS PERSONALES?<\/a><\/p>\n<p><a href=\"#_Toc530642026\">\u00bfCU\u00c1L ES LA LEGITIMACI\u00d3N PARA EL TRATAMIENTO DE SUS DATOS?<\/a><\/p>\n<p><a href=\"#_Toc530642027\">\u00bfDURANTE CU\u00c1NTO TIEMPO CONSERVAREMOS SUS DATOS?<\/a><\/p>\n<p><a href=\"#_Toc530642028\">\u00bfCOMPARTIREMOS SUS DATOS CON TERCEROS?<\/a><\/p>\n<p><a href=\"#_Toc530642029\">\u00bfCU\u00c1LES SON TUS DERECHOS CUANDO NOS FACILITA TUS DATOS?<\/a><\/p>\n<p><a href=\"#_Toc530642030\">CAMBIOS A LA POL\u00cdTICA DE PRIVACIDAD<\/a><\/p>\n<p><a href=\"#_Toc530642031\">INFORMACI\u00d3N SOBRE COOKIES<\/a><\/p>\n<p>&nbsp;<\/p>\n<p>Scentium Flavours, SL. informa seguidamente de su pol\u00edtica de privacidad aplicada a los datos personales. El uso de la p\u00e1gina web no implica que el usuario deba suministrar informaci\u00f3n alguna respecto a su identidad, no pudiendo ser asociada a un usuario concreto por la empresa. En el supuesto que se suministren datos de car\u00e1cter de personal, estos datos ser\u00e1n recogidos y utilizados conforme a las limitaciones y los derechos recogidos en la citada norma.<\/p>\n<p>&nbsp;<\/p>\n<h2><a name=\"_Toc528580870\"><\/a><a name=\"_Toc530642022\"><\/a>POL\u00cdTICA DE PRIVACIDAD<\/h2>\n<h3><a name=\"_Toc530642023\"><\/a>\u00bfQUI\u00c9N ES EL RESPONSABLE DEL TRATAMIENTO DE SUS DATOS?<\/h3>\n<ul>\n<li><strong>RESPONSABLE DEL TRATAMIENTO <\/strong>Scentium Flavours, SL<\/li>\n<li><strong>CIF: <\/strong>B-73618225<\/li>\n<li><strong>Direcci\u00f3n Postal:<\/strong> PI Las Salinas, Avenida de Europa, s\/n, 30840 Alhama de Murcia, (Murcia, Espa\u00f1a)<\/li>\n<li><strong>Correo electr\u00f3nico: <\/strong><a href=\"mailto:data.privacy@scentium.com\">data.privacy@scentium.com<\/a><\/li>\n<\/ul>\n<p>&nbsp;<\/p>\n<h3><a name=\"_Toc530642024\"><\/a>\u00bfQU\u00c9 TIPO DE DATOS TRATAMOS?<\/h3>\n<p>Dependiendo de los productos, servicios o funcionalidades de los que quiera disfrutar en cada momento necesitaremos tratar unos datos u otros.\u00a0 En general dichos datos, ser\u00e1n, seg\u00fan el caso, los siguientes:<\/p>\n<ul>\n<li>Sus datos identificativos (Por ejemplo: Su nombre, apellido, idioma, pa\u00eds desde el que interact\u00faa con nosotros, datos de contacto, etc.)<\/li>\n<li>Datos de conexi\u00f3n, geolocalizaci\u00f3n y navegaci\u00f3n (en caso de que interact\u00fae con nosotros desde el m\u00f3vil, por ejemplo).<\/li>\n<li>Datos sobre sus gustos y preferencias.<\/li>\n<li>Datos acad\u00e9micos y empleo si nos remite su CV.<\/li>\n<\/ul>\n<p>Recuerde que, cuando le pidamos que rellene sus datos personales para darle acceso a alguna funcionalidad o servicio de la web, marcaremos algunos campos como obligatorios, puesto que son datos que necesitamos para poder prestarle el servicio o darle acceso a la funcionalidad en cuesti\u00f3n.<\/p>\n<p>Por favor, tenga en cuenta que, si decide no facilitarnos esos datos, es posible que no pueda completar su registro como usuario o que no pueda disfrutar de esos servicios o funcionalidades.<\/p>\n<p>&nbsp;<\/p>\n<h3><a name=\"_Toc530642025\"><\/a>\u00bfCON QU\u00c9 FINALIDAD TRATAMOS SUS DATOS PERSONALES?<\/h3>\n<p>Dependiendo de c\u00f3mo interact\u00fae con nuestra web, trataremos sus datos personales para las siguientes finalidades:<\/p>\n<ol>\n<li><strong>Para atender las solicitudes o peticiones que realice a trav\u00e9s de los distintos medios incorporados a nuestra web. <\/strong><\/li>\n<\/ol>\n<p>S\u00f3lo tratamos los datos personales que sean estrictamente necesarios para gestionar o resolver su solicitud o petici\u00f3n.<\/p>\n<ol>\n<li><strong>Para participar en nuestros procesos de selecci\u00f3n de personal.<\/strong><\/li>\n<\/ol>\n<p>Trataremos sus datos para hacerle part\u00edcipe de nuestros procesos de selecci\u00f3n de personal.<\/p>\n<ol>\n<li><strong>An\u00e1lisis de usabilidad y de calidad para la mejora de nuestros servicios (Cookies)<\/strong><\/li>\n<\/ol>\n<p>Si accede a nuestra Plataforma, le informamos de que trataremos sus datos de navegaci\u00f3n para fines anal\u00edticos y estad\u00edsticos, es decir, para entender la forma en la que los usuarios interact\u00faan con nuestra Plataforma y as\u00ed ser capaces de introducir mejoras en la misma. As\u00ed mismo, en ocasiones, realizamos acciones y encuestas de calidad destinadas a conocer el grado de satisfacci\u00f3n de nuestros clientes y usuarios y detectar aquellas \u00e1reas en las que podemos mejorar.<\/p>\n<p>&nbsp;<\/p>\n<h3><a name=\"_Toc530642026\"><\/a>\u00bfCU\u00c1L ES LA LEGITIMACI\u00d3N PARA EL TRATAMIENTO DE SUS DATOS?<\/h3>\n<p>La base legal que nos permite tratar sus datos personales tambi\u00e9n depende de la finalidad para la que los tratemos, de este modo encontraremos distintas bases legales en virtud de las siguientes finalidades:<\/p>\n<ol>\n<li><strong>\u00a0Atenci\u00f3n de solicitudes de informaci\u00f3n.<\/strong><\/li>\n<\/ol>\n<p>La base legal para el tratamiento de sus datos es el consentimiento informado para dar respuesta a las consultas planteadas a trav\u00e9s de la p\u00e1gina web, lo que supone la aceptaci\u00f3n de estas condiciones por parte del interesado.<\/p>\n<ol start=\"2\">\n<li><a name=\"_Toc530642027\"><\/a> <strong>Para participar en nuestros procesos de selecci\u00f3n de personal.<\/strong><\/li>\n<\/ol>\n<p>La base de legitimaci\u00f3n es pre-contractual.<\/p>\n<h3>\u00bfDURANTE CU\u00c1NTO TIEMPO CONSERVAREMOS SUS DATOS?<\/h3>\n<p>Trataremos sus datos durante el tiempo que sea necesario para atender su solicitud o participar en nuestros procesos de selecci\u00f3n y se eliminar\u00e1n pasado un a\u00f1o.<\/p>\n<h3><a name=\"_Toc530642028\"><\/a>\u00bfCOMPARTIREMOS SUS DATOS CON TERCEROS?<\/h3>\n<p>Para cumplir las finalidades indicadas en la presente Pol\u00edtica de Privacidad, es necesario que demos acceso a sus datos personales a terceras partes que nos presten apoyo en los servicios que le ofrecemos y que detallamos a continuaci\u00f3n:<\/p>\n<ul>\n<li>Proveedores de servicios tecnol\u00f3gicos<\/li>\n<li>Empresas del grupo<\/li>\n<\/ul>\n<h3><a name=\"_Toc530642029\"><\/a>\u00bfCU\u00c1LES SON SUS DERECHOS CUANDO NOS FACILITA SUS DATOS?<\/h3>\n<p>Nos comprometemos a respetar la confidencialidad de sus datos personales y a garantizarle el ejercicio de sus derechos.<\/p>\n<p>Podr\u00e1 ejercitarlos sin coste alguno remiti\u00e9ndonos un correo electr\u00f3nico a nuestra direcci\u00f3n <a href=\"mailto:data.privacy@scentium.com\">data.privacy@scentium.com<\/a>, simplemente indic\u00e1ndonos el motivo de su solicitud y el derecho que quiere ejercitar.<\/p>\n<p>En caso de que lo consideremos necesario para poder identificarle, podremos solicitarle copia de un documento acreditativo de su identidad. En particular, independientemente de la finalidad o la base legal en virtud de la que tratemos sus datos, usted tiene derecho a:<\/p>\n<p>Pedirnos acceso a los datos suyos de los que disponemos.<\/p>\n<p>Pedirnos que rectifiquemos los datos de los que ya disponemos. Tenga en cuenta que, al facilitarnos activamente sus datos personales por cualquier v\u00eda, garantiza que son ciertos y exactos y se compromete a notificarnos cualquier cambio o modificaci\u00f3n de los mismos.<\/p>\n<p>Pedirnos que suprimamos sus datos en la medida en que ya no sean necesarios para la finalidad para la que necesitemos tratarlos seg\u00fan le hemos informado con anterioridad, o en que ya no contemos con legitimaci\u00f3n para hacerlo.<\/p>\n<p>Pedirnos que limitemos el tratamiento de sus datos, lo que supone que en determinados casos pueda solicitarnos que suspendamos temporalmente el tratamiento de los datos o que los conservemos m\u00e1s all\u00e1 del tiempo necesario cuando pueda necesitarlo. Si nos ha proporcionado su consentimiento para el tratamiento de sus datos para cualquier finalidad, tambi\u00e9n tiene derecho a retirarlo en cualquier momento.<\/p>\n<p>Por otra parte, cuando el tratamiento de sus datos est\u00e9 basado en nuestro inter\u00e9s leg\u00edtimo, tambi\u00e9n tendr\u00e1 derecho a oponerse al tratamiento de sus datos.<\/p>\n<p>Por \u00faltimo, le informamos de su derecho a presentar una reclamaci\u00f3n ante la autoridad de control en materia de protecci\u00f3n de datos pertinente, en particular, ante la Agencia Espa\u00f1ola de Protecci\u00f3n de Datos <a href=\"https:\/\/www.agpd.es\/portalwebAGPD\/index-ides-idphp.php\">https:\/\/www.agpd.es\/portalwebAGPD\/index-ides-idphp.php<\/a><\/p>\n<p>&nbsp;<\/p>\n<h2><a name=\"_Toc530642030\"><\/a>CAMBIOS A LA POL\u00cdTICA DE PRIVACIDAD<\/h2>\n<p>Es posible que modifiquemos la informaci\u00f3n contenida en esta Pol\u00edtica de Privacidad cuando lo estimemos conveniente. En caso de que lo hagamos, se lo notificaremos por distintas v\u00edas a trav\u00e9s de la Plataforma, o incluso se lo comunicaremos a su direcci\u00f3n de correo electr\u00f3nico cuando el cambio en cuesti\u00f3n sea significativo para su privacidad, de manera que pueda revisar los cambios, valorarlos y, en su caso, oponerse o darse de baja en alg\u00fan servicio o funcionalidad.<\/p>\n<p>&nbsp;<\/p>\n<h2><a name=\"_Toc530642031\"><\/a>INFORMACI\u00d3N SOBRE COOKIES<\/h2>\n<p>Utilizamos cookies y dispositivos similares para facilitar su navegaci\u00f3n en la Plataforma, conocer c\u00f3mo interact\u00faa con nosotros y, en determinados casos, poder mostrarle publicidad en funci\u00f3n de sus h\u00e1bitos de navegaci\u00f3n. Por favor, lea nuestra <strong><a href=\"https:\/\/scentium.com\/es\/politica-cookies\/\">Pol\u00edtica de Cookies<\/a><\/strong> para conocer con mayor detalle las cookies y dispositivos similares que usamos, su finalidad y otra informaci\u00f3n de inter\u00e9s.<\/p>\n<p><strong><em>\u00a0<\/em><\/strong><\/p>\n<\/div>\n","protected":false},"excerpt":{"rendered":"<p>POL\u00cdTICA DE PRIVACIDAD \u00bfQUI\u00c9N ES EL RESPONSABLE DEL TRATAMIENTO DE SUS DATOS? \u00bfQU\u00c9 TIPO DE DATOS TRATAMOS? \u00bfCON QU\u00c9 FINALIDAD TRATAMOS SUS DATOS PERSONALES? \u00bfCU\u00c1L ES LA LEGITIMACI\u00d3N PARA EL TRATAMIENTO DE SUS DATOS? \u00bfDURANTE CU\u00c1NTO TIEMPO CONSERVAREMOS SUS DATOS? \u00bfCOMPARTIREMOS SUS DATOS CON TERCEROS? \u00bfCU\u00c1LES SON TUS DERECHOS CUANDO&#8230;<\/p>\n","protected":false},"author":4,"featured_media":3575,"parent":0,"menu_order":0,"comment_status":"closed","ping_status":"closed","template":"","meta":{"_acf_changed":false,"footnotes":""},"class_list":["post-4245","page","type-page","status-publish","has-post-thumbnail","hentry"],"acf":[],"_links":{"self":[{"href":"https:\/\/scentium.com\/es\/wp-json\/wp\/v2\/pages\/4245","targetHints":{"allow":["GET"]}}],"collection":[{"href":"https:\/\/scentium.com\/es\/wp-json\/wp\/v2\/pages"}],"about":[{"href":"https:\/\/scentium.com\/es\/wp-json\/wp\/v2\/types\/page"}],"author":[{"embeddable":true,"href":"https:\/\/scentium.com\/es\/wp-json\/wp\/v2\/users\/4"}],"replies":[{"embeddable":true,"href":"https:\/\/scentium.com\/es\/wp-json\/wp\/v2\/comments?post=4245"}],"version-history":[{"count":17,"href":"https:\/\/scentium.com\/es\/wp-json\/wp\/v2\/pages\/4245\/revisions"}],"predecessor-version":[{"id":20908,"href":"https:\/\/scentium.com\/es\/wp-json\/wp\/v2\/pages\/4245\/revisions\/20908"}],"wp:featuredmedia":[{"embeddable":true,"href":"https:\/\/scentium.com\/es\/wp-json\/wp\/v2\/media\/3575"}],"wp:attachment":[{"href":"https:\/\/scentium.com\/es\/wp-json\/wp\/v2\/media?parent=4245"}],"curies":[{"name":"wp","href":"https:\/\/api.w.org\/{rel}","templated":true}]}}