{"id":4233,"date":"2016-10-09T23:22:10","date_gmt":"2016-10-09T21:22:10","guid":{"rendered":"http:\/\/scentium.com\/contact\/"},"modified":"2022-01-17T09:31:15","modified_gmt":"2022-01-17T07:31:15","slug":"contacto","status":"publish","type":"page","link":"https:\/\/scentium.com\/es\/contacto\/","title":{"rendered":"Contacto"},"content":{"rendered":"<p>Para cualquier consulta, complete el siguiente formulario. Para ofrecerles una mejor asistencia, aseg\u00farese de proporcionarnos todos los detalles posibles con respecto a su solicitud. Para enviar su curr\u00edculum, consulte la secci\u00f3n <a href=\"https:\/\/scentium.com\/es\/empleo\/\">empleo.<\/a><\/p>\n<p><img loading=\"lazy\" decoding=\"async\" class=\"alignnone wp-image-3610 size-full\" src=\"http:\/\/scentium.com\/wp-content\/uploads\/2016\/10\/contact.jpg\" alt=\"\" width=\"1000\" height=\"1000\" srcset=\"https:\/\/scentium.com\/wp-content\/uploads\/2016\/10\/contact.jpg 1000w, https:\/\/scentium.com\/wp-content\/uploads\/2016\/10\/contact-150x150.jpg 150w, https:\/\/scentium.com\/wp-content\/uploads\/2016\/10\/contact-300x300.jpg 300w, https:\/\/scentium.com\/wp-content\/uploads\/2016\/10\/contact-768x768.jpg 768w, https:\/\/scentium.com\/wp-content\/uploads\/2016\/10\/contact-247x247.jpg 247w\" sizes=\"auto, (max-width: 1000px) 100vw, 1000px\" \/><\/p>\n","protected":false},"excerpt":{"rendered":"<p>Para cualquier consulta, complete el siguiente formulario. Para ofrecerles una mejor asistencia, aseg\u00farese de proporcionarnos todos los detalles posibles con respecto a su solicitud. Para enviar su curr\u00edculum, consulte la secci\u00f3n empleo.<\/p>\n","protected":false},"author":4,"featured_media":0,"parent":0,"menu_order":0,"comment_status":"closed","ping_status":"closed","template":"page-contacto.php","meta":{"_acf_changed":false,"footnotes":""},"class_list":["post-4233","page","type-page","status-publish","hentry"],"acf":[],"_links":{"self":[{"href":"https:\/\/scentium.com\/es\/wp-json\/wp\/v2\/pages\/4233","targetHints":{"allow":["GET"]}}],"collection":[{"href":"https:\/\/scentium.com\/es\/wp-json\/wp\/v2\/pages"}],"about":[{"href":"https:\/\/scentium.com\/es\/wp-json\/wp\/v2\/types\/page"}],"author":[{"embeddable":true,"href":"https:\/\/scentium.com\/es\/wp-json\/wp\/v2\/users\/4"}],"replies":[{"embeddable":true,"href":"https:\/\/scentium.com\/es\/wp-json\/wp\/v2\/comments?post=4233"}],"version-history":[{"count":10,"href":"https:\/\/scentium.com\/es\/wp-json\/wp\/v2\/pages\/4233\/revisions"}],"predecessor-version":[{"id":20217,"href":"https:\/\/scentium.com\/es\/wp-json\/wp\/v2\/pages\/4233\/revisions\/20217"}],"wp:attachment":[{"href":"https:\/\/scentium.com\/es\/wp-json\/wp\/v2\/media?parent=4233"}],"curies":[{"name":"wp","href":"https:\/\/api.w.org\/{rel}","templated":true}]}}