{"id":4211,"date":"2016-09-24T10:48:40","date_gmt":"2016-09-24T08:48:40","guid":{"rendered":"http:\/\/scentium.com\/our-company\/"},"modified":"2022-08-31T15:49:19","modified_gmt":"2022-08-31T13:49:19","slug":"empresa","status":"publish","type":"page","link":"https:\/\/scentium.com\/es\/empresa\/","title":{"rendered":"Empresa"},"content":{"rendered":"<p>Parte de Iberchem Group, Scentium es una empresa de aromas creada en 1985 y con presencia en m\u00e1s de 120 pa\u00edses. Tenemos el compromiso de inversi\u00f3n continua para la mejora y expansi\u00f3n de nuestras operaciones y servicios alrededor del mundo, en un sector cada vez m\u00e1s competitivo como es el de la industria de la alimentaci\u00f3n y bebidas.<\/p>\n","protected":false},"excerpt":{"rendered":"<p>Parte de Iberchem Group, Scentium es una empresa de aromas creada en 1985 y con presencia en m\u00e1s de 120 pa\u00edses. Tenemos el compromiso de inversi\u00f3n continua para la mejora y expansi\u00f3n de nuestras operaciones y servicios alrededor del mundo, en un sector cada vez m\u00e1s competitivo como es el&#8230;<\/p>\n","protected":false},"author":4,"featured_media":3643,"parent":0,"menu_order":0,"comment_status":"closed","ping_status":"closed","template":"page-our-company.php","meta":{"_acf_changed":false,"footnotes":""},"class_list":["post-4211","page","type-page","status-publish","has-post-thumbnail","hentry"],"acf":[],"_links":{"self":[{"href":"https:\/\/scentium.com\/es\/wp-json\/wp\/v2\/pages\/4211","targetHints":{"allow":["GET"]}}],"collection":[{"href":"https:\/\/scentium.com\/es\/wp-json\/wp\/v2\/pages"}],"about":[{"href":"https:\/\/scentium.com\/es\/wp-json\/wp\/v2\/types\/page"}],"author":[{"embeddable":true,"href":"https:\/\/scentium.com\/es\/wp-json\/wp\/v2\/users\/4"}],"replies":[{"embeddable":true,"href":"https:\/\/scentium.com\/es\/wp-json\/wp\/v2\/comments?post=4211"}],"version-history":[{"count":8,"href":"https:\/\/scentium.com\/es\/wp-json\/wp\/v2\/pages\/4211\/revisions"}],"predecessor-version":[{"id":25001,"href":"https:\/\/scentium.com\/es\/wp-json\/wp\/v2\/pages\/4211\/revisions\/25001"}],"wp:featuredmedia":[{"embeddable":true,"href":"https:\/\/scentium.com\/es\/wp-json\/wp\/v2\/media\/3643"}],"wp:attachment":[{"href":"https:\/\/scentium.com\/es\/wp-json\/wp\/v2\/media?parent=4211"}],"curies":[{"name":"wp","href":"https:\/\/api.w.org\/{rel}","templated":true}]}}