{"id":31522,"date":"2023-10-27T09:41:16","date_gmt":"2023-10-27T07:41:16","guid":{"rendered":"https:\/\/scentium.com\/?page_id=31522"},"modified":"2024-03-21T10:05:38","modified_gmt":"2024-03-21T08:05:38","slug":"canal-interno-de-informacion-scentium","status":"publish","type":"page","link":"https:\/\/scentium.com\/es\/canal-interno-de-informacion-scentium\/","title":{"rendered":"Canal interno de informaci\u00f3n"},"content":{"rendered":"<p>En <b>Scentium <\/b>nos comprometemos a llevar a cabo nuestras actividades en todo el mundo con honestidad e integridad.\u00a0 Nos comportaremos \u00e9ticamente en todas las transacciones comerciales.\u00a0 Cumpliremos la ley en cada pa\u00eds en el que hagamos negocios.\u00a0 Estas son las normas que esperamos de todos nuestros empleados, agentes, distribuidores y cualquier otro tercero que contratemos para actuar en nuestro nombre.<\/p>\n<p>Animamos a todo el mundo a comunicar cualquier informaci\u00f3n relacionada con cualquier sospecha de irregularidad relacionada con <strong>Scentium<\/strong>. Esto puede incluir:<\/p>\n<p>&#8211; Actividad delictiva<\/p>\n<p>&#8211; Incumplimiento de cualquier obligaci\u00f3n legal o profesional<\/p>\n<p>&#8211; Peligro para la salud y la seguridad<\/p>\n<p>&#8211; Da\u00f1os al medio ambiente<\/p>\n<p>&#8211; Soborno\/Corrupci\u00f3n<\/p>\n<p>&#8211; Fraude financiero o mala gesti\u00f3n<\/p>\n<p>&#8211; Incumplimiento de nuestras pol\u00edticas y procedimientos internos<\/p>\n<p>&#8211; Conducta que pueda da\u00f1ar nuestra reputaci\u00f3n o bienestar financiero<\/p>\n<p>&#8211; Intimidaci\u00f3n, acoso, discriminaci\u00f3n y comportamiento abusivo en el trabajo<\/p>\n<p>&#8211; Divulgaci\u00f3n no autorizada de informaci\u00f3n confidencial<\/p>\n<p>&#8211; La ocultaci\u00f3n deliberada de cualquiera de los asuntos mencionados<\/p>\n<h3>C\u00d3MO COMUNICAR ESTAS PREOCUPACIONES<\/h3>\n<p>A trav\u00e9s de nuestro <strong>Canal interno de informaci\u00f3n de Scentium (servicio Speak Up)<\/strong>\u00a0se puede comunicar preocupaciones serias de manera confidencial.<\/p>\n<p>Aunque animamos a nuestros empleados a comunicar cualquier preocupaci\u00f3n a sus responsables directos u otros directivos, tambi\u00e9n disponen del servicio Speak Up para plantear preocupaciones como las arriba referenciadas, debiendo de consultar la Pol\u00edtica de denuncia de irregularidades en la intranet de la empresa.<\/p>\n<p>Tambi\u00e9n se pueden recibir denuncias de irregularidades de personas ajenas a nuestra empresa.\u00a0 Hemos creado un portal web para proporcionar un lugar seguro donde cualquier persona pueda compartir informaci\u00f3n de forma estrictamente confidencial, dentro de los l\u00edmites de la legislaci\u00f3n local.\u00a0 Este portal ofrece un acceso an\u00f3nimo a trav\u00e9s de Internet para comunicarnos tu denuncia de forma an\u00f3nima.<\/p>\n<p>El <strong>Canal interno de informaci\u00f3n de Scentium (servicio Speak Up)<\/strong> est\u00e1 disponible en varios idiomas y se puede acceder a trav\u00e9s del siguiente enlace: <a href=\"https:\/\/secure.ethicspoint.eu\/domain\/media\/en\/gui\/106993\/index.html\"><strong>http:\/\/croda.ethicspoint.com<\/strong><\/a> o puedes usar el siguiente <strong>c\u00f3digo QR<\/strong>:<\/p>\n<p><img loading=\"lazy\" decoding=\"async\" class=\"alignnone wp-image-72984 \" src=\"https:\/\/iberchem.com\/wp-content\/uploads\/2023\/10\/QR-SPEAK-UP-IBERCHEM-e1698156845691.png\" alt=\"QR Speak Up Iberchem\" width=\"223\" height=\"217\" \/><\/p>\n<h3>C\u00d3MO TRATAMOS LAS DENUNCIAS<\/h3>\n<p>Todas las denuncias de empleados y terceros ser\u00e1n tratadas por expertos independientes.\u00a0 Si las preocupaciones se plantean de buena fe, no habr\u00e1 riesgo de sufrir ning\u00fan tipo de perjuicio o represalia como consecuencia de ello. Sin embargo, el portal no debe utilizarse para presentar a sabiendas declaraciones o informaci\u00f3n falsa o difamatoria. La presentaci\u00f3n indebida de este tipo de informaci\u00f3n puede acarrear graves consecuencias en virtud de la pol\u00edtica de la empresa o de la legislaci\u00f3n civil o penal.<\/p>\n<p>Para obtener m\u00e1s informaci\u00f3n haz click <strong><a href=\"https:\/\/scentium.com\/wp-content\/uploads\/2024\/03\/Speak-Up-Procedure-Spain-ES.pdf\">aqu\u00ed<\/a><\/strong>.<\/p>\n","protected":false},"excerpt":{"rendered":"<p>En Scentium nos comprometemos a llevar a cabo nuestras actividades en todo el mundo con honestidad e integridad.\u00a0 Nos comportaremos \u00e9ticamente en todas las transacciones comerciales.\u00a0 Cumpliremos la ley en cada pa\u00eds en el que hagamos negocios.\u00a0 Estas son las normas que esperamos de todos nuestros empleados, agentes, distribuidores y&#8230;<\/p>\n","protected":false},"author":6,"featured_media":11681,"parent":0,"menu_order":0,"comment_status":"closed","ping_status":"closed","template":"","meta":{"_acf_changed":false,"footnotes":""},"class_list":["post-31522","page","type-page","status-publish","has-post-thumbnail","hentry"],"acf":[],"_links":{"self":[{"href":"https:\/\/scentium.com\/es\/wp-json\/wp\/v2\/pages\/31522","targetHints":{"allow":["GET"]}}],"collection":[{"href":"https:\/\/scentium.com\/es\/wp-json\/wp\/v2\/pages"}],"about":[{"href":"https:\/\/scentium.com\/es\/wp-json\/wp\/v2\/types\/page"}],"author":[{"embeddable":true,"href":"https:\/\/scentium.com\/es\/wp-json\/wp\/v2\/users\/6"}],"replies":[{"embeddable":true,"href":"https:\/\/scentium.com\/es\/wp-json\/wp\/v2\/comments?post=31522"}],"version-history":[{"count":3,"href":"https:\/\/scentium.com\/es\/wp-json\/wp\/v2\/pages\/31522\/revisions"}],"predecessor-version":[{"id":33585,"href":"https:\/\/scentium.com\/es\/wp-json\/wp\/v2\/pages\/31522\/revisions\/33585"}],"wp:featuredmedia":[{"embeddable":true,"href":"https:\/\/scentium.com\/es\/wp-json\/wp\/v2\/media\/11681"}],"wp:attachment":[{"href":"https:\/\/scentium.com\/es\/wp-json\/wp\/v2\/media?parent=31522"}],"curies":[{"name":"wp","href":"https:\/\/api.w.org\/{rel}","templated":true}]}}